{"id":63,"date":"2024-09-23T00:58:13","date_gmt":"2024-09-23T00:58:13","guid":{"rendered":"https:\/\/gec-pmo.com\/?page_id=63"},"modified":"2024-10-10T23:21:36","modified_gmt":"2024-10-10T23:21:36","slug":"nosotros","status":"publish","type":"page","link":"https:\/\/gec-pmo.com\/en\/nosotros\/","title":{"rendered":"Nosotros"},"content":{"rendered":"\t\t<div data-elementor-type=\"wp-page\" data-elementor-id=\"63\" class=\"elementor elementor-63\" data-elementor-post-type=\"page\">\n\t\t\t\t<div class=\"elementor-element elementor-element-80a5ef5 e-flex e-con-boxed e-con e-parent\" data-id=\"80a5ef5\" data-element_type=\"container\" data-e-type=\"container\">\n\t\t\t\t\t<div class=\"e-con-inner\">\n\t\t\t\t<div class=\"elementor-element elementor-element-6cf03eb elementor-widget elementor-widget-spacer\" data-id=\"6cf03eb\" data-element_type=\"widget\" data-e-type=\"widget\" data-widget_type=\"spacer.default\">\n\t\t\t\t<div class=\"elementor-widget-container\">\n\t\t\t\t\t\t\t<div class=\"elementor-spacer\">\n\t\t\t<div class=\"elementor-spacer-inner\"><\/div>\n\t\t<\/div>\n\t\t\t\t\t\t<\/div>\n\t\t\t\t<\/div>\n\t\t\t\t\t<\/div>\n\t\t\t\t<\/div>\n\t\t<div class=\"elementor-element elementor-element-a2e6e8c e-flex e-con-boxed e-con e-parent\" data-id=\"a2e6e8c\" data-element_type=\"container\" data-e-type=\"container\" data-settings=\"{&quot;background_background&quot;:&quot;classic&quot;}\">\n\t\t\t\t\t<div class=\"e-con-inner\">\n\t\t\t\t<div class=\"elementor-element elementor-element-bdf2e9d elementor-widget elementor-widget-heading\" data-id=\"bdf2e9d\" data-element_type=\"widget\" data-e-type=\"widget\" data-widget_type=\"heading.default\">\n\t\t\t\t<div class=\"elementor-widget-container\">\n\t\t\t\t\t<h2 class=\"elementor-heading-title elementor-size-default\">NOSOTROS<\/h2>\t\t\t\t<\/div>\n\t\t\t\t<\/div>\n\t\t\t\t<div class=\"elementor-element elementor-element-0a99024 elementor-widget__width-initial elementor-widget-mobile__width-initial elementor-widget elementor-widget-text-editor\" data-id=\"0a99024\" data-element_type=\"widget\" data-e-type=\"widget\" data-widget_type=\"text-editor.default\">\n\t\t\t\t<div class=\"elementor-widget-container\">\n\t\t\t\t\t\t\t\t\t<p>GRUPO EJECUTIVO CONFIANZA<\/p><p>Empresa 100% mexicana, fundada en 2014 por Ingenieros y Arquitectos con m\u00e1s de 40 a\u00f1os de experiencia en la industria nacional e internacional de proyectos de construcci\u00f3n civil y electromec\u00e1nica.<\/p><p>Integrado por Profesionales con la m\u00e1s amplia experiencia, siempre enfocados en la mejora continua, garantizando tiempo y calidad en los proyectos, asegurando el cumplimiento de lo m\u00e1s importante\u2026 EL SERVICIO.<\/p>\t\t\t\t\t\t\t\t<\/div>\n\t\t\t\t<\/div>\n\t\t\t\t\t<\/div>\n\t\t\t\t<\/div>\n\t\t<div class=\"elementor-element elementor-element-de877a3 e-flex e-con-boxed e-con e-parent\" data-id=\"de877a3\" data-element_type=\"container\" data-e-type=\"container\">\n\t\t\t\t\t<div class=\"e-con-inner\">\n\t\t\t\t\t<\/div>\n\t\t\t\t<\/div>\n\t\t<div class=\"elementor-element elementor-element-7827173 e-flex e-con-boxed e-con e-parent\" data-id=\"7827173\" data-element_type=\"container\" data-e-type=\"container\" data-settings=\"{&quot;background_background&quot;:&quot;classic&quot;}\">\n\t\t\t\t\t<div class=\"e-con-inner\">\n\t\t\t\t<div class=\"elementor-element elementor-element-5af00d9 elementor-widget elementor-widget-heading\" data-id=\"5af00d9\" data-element_type=\"widget\" data-e-type=\"widget\" data-widget_type=\"heading.default\">\n\t\t\t\t<div class=\"elementor-widget-container\">\n\t\t\t\t\t<h2 class=\"elementor-heading-title elementor-size-default\">SERVICIOS Y CALIDAD<\/h2>\t\t\t\t<\/div>\n\t\t\t\t<\/div>\n\t\t\t\t<div class=\"elementor-element elementor-element-ba3c5eb elementor-widget__width-initial elementor-widget-mobile__width-initial elementor-widget elementor-widget-text-editor\" data-id=\"ba3c5eb\" data-element_type=\"widget\" data-e-type=\"widget\" data-widget_type=\"text-editor.default\">\n\t\t\t\t<div class=\"elementor-widget-container\">\n\t\t\t\t\t\t\t\t\t<p>GEC aplica su experiencia en proyectos de V\u00edas Terrestres, Edificios Corporativos, Proyectos Industriales, Aeropuertos ( pistas, rodajes, terminales a\u00e9reas, etc. ), Desarrollos Residenciales, Centros Comerciales, Proyectos de Infraestructura Civil ( puentes, t\u00faneles, carreteras, redes, etc. ) ya sea realizando labores de Gesti\u00f3n Financiera y Presupuestal, Gesti\u00f3n de Tr\u00e1mites y Licencias, Licitaciones y Monitorizaci\u00f3n del Proceso, Gesti\u00f3n del PMO y Supervisi\u00f3n especializada de la Construcci\u00f3n.<\/p><p>GEC tiene la experiencia y capacidad para adaptarse a los problemas concretos de cada proyecto, normativa local, independiente de la magnitud o grado de complejidad que \u00e9stos tengan.<\/p><p>El alcance de los servicios de GEC en su metodolog\u00eda incluye la Gesti\u00f3n de Ingenier\u00eda y Dise\u00f1o, Procuraci\u00f3n, Administraci\u00f3n de Programa y de la Invesi\u00f3n, as\u00ed como la Gesti\u00f3n en la Ejecuci\u00f3n de las Obras hasta su entrega final, garantizando la consecuci\u00f3n de los objetivos en cuanto a Alcance, Costo, Plazo y Calidad establecidos, as\u00ed como su seguimiento y control a lo largo del Proyecto, en todas sus etapas y fases.<\/p>\t\t\t\t\t\t\t\t<\/div>\n\t\t\t\t<\/div>\n\t\t\t\t<div class=\"elementor-element elementor-element-b353d5f elementor-widget elementor-widget-spacer\" data-id=\"b353d5f\" data-element_type=\"widget\" data-e-type=\"widget\" data-widget_type=\"spacer.default\">\n\t\t\t\t<div class=\"elementor-widget-container\">\n\t\t\t\t\t\t\t<div class=\"elementor-spacer\">\n\t\t\t<div class=\"elementor-spacer-inner\"><\/div>\n\t\t<\/div>\n\t\t\t\t\t\t<\/div>\n\t\t\t\t<\/div>\n\t\t\t\t\t<\/div>\n\t\t\t\t<\/div>\n\t\t<div class=\"elementor-element elementor-element-d748a8c e-flex e-con-boxed e-con e-parent\" data-id=\"d748a8c\" data-element_type=\"container\" data-e-type=\"container\">\n\t\t\t\t\t<div class=\"e-con-inner\">\n\t\t\t\t<div class=\"elementor-element elementor-element-f9665a2 elementor-widget elementor-widget-spacer\" data-id=\"f9665a2\" data-element_type=\"widget\" data-e-type=\"widget\" data-widget_type=\"spacer.default\">\n\t\t\t\t<div class=\"elementor-widget-container\">\n\t\t\t\t\t\t\t<div class=\"elementor-spacer\">\n\t\t\t<div class=\"elementor-spacer-inner\"><\/div>\n\t\t<\/div>\n\t\t\t\t\t\t<\/div>\n\t\t\t\t<\/div>\n\t\t\t\t<div class=\"elementor-element elementor-element-a43863b elementor-widget elementor-widget-heading\" data-id=\"a43863b\" data-element_type=\"widget\" data-e-type=\"widget\" data-widget_type=\"heading.default\">\n\t\t\t\t<div class=\"elementor-widget-container\">\n\t\t\t\t\t<h2 class=\"elementor-heading-title elementor-size-default\">ASOCIACIONES<\/h2>\t\t\t\t<\/div>\n\t\t\t\t<\/div>\n\t\t\t\t\t<\/div>\n\t\t\t\t<\/div>\n\t\t<div class=\"elementor-element elementor-element-548ffbd e-flex e-con-boxed e-con e-parent\" data-id=\"548ffbd\" data-element_type=\"container\" data-e-type=\"container\">\n\t\t\t\t\t<div class=\"e-con-inner\">\n\t\t\t\t<div class=\"elementor-element elementor-element-8fde20e elementor-pagination-type-bullets elementor-arrows-position-inside elementor-pagination-position-outside elementor-widget elementor-widget-n-carousel\" data-id=\"8fde20e\" data-element_type=\"widget\" data-e-type=\"widget\" data-settings=\"{&quot;carousel_items&quot;:[{&quot;slide_title&quot;:&quot;Diapositiva n\\u00ba 1&quot;,&quot;_id&quot;:&quot;2470eba&quot;},{&quot;slide_title&quot;:&quot;Diapositiva n\\u00ba 2&quot;,&quot;_id&quot;:&quot;f393f35&quot;},{&quot;_id&quot;:&quot;d58d689&quot;,&quot;slide_title&quot;:&quot;Diapositiva n\\u00ba 3&quot;},{&quot;_id&quot;:&quot;a620ebd&quot;,&quot;slide_title&quot;:&quot;Diapositiva n\\u00ba 4&quot;}],&quot;slides_to_show_tablet&quot;:&quot;2&quot;,&quot;slides_to_show_mobile&quot;:&quot;1&quot;,&quot;autoplay&quot;:&quot;yes&quot;,&quot;autoplay_speed&quot;:5000,&quot;infinite&quot;:&quot;yes&quot;,&quot;speed&quot;:500,&quot;offset_sides&quot;:&quot;none&quot;,&quot;arrows&quot;:&quot;yes&quot;,&quot;pagination&quot;:&quot;bullets&quot;,&quot;image_spacing_custom&quot;:{&quot;unit&quot;:&quot;px&quot;,&quot;size&quot;:10,&quot;sizes&quot;:[]},&quot;image_spacing_custom_tablet&quot;:{&quot;unit&quot;:&quot;px&quot;,&quot;size&quot;:&quot;&quot;,&quot;sizes&quot;:[]},&quot;image_spacing_custom_mobile&quot;:{&quot;unit&quot;:&quot;px&quot;,&quot;size&quot;:&quot;&quot;,&quot;sizes&quot;:[]}}\" data-widget_type=\"nested-carousel.default\">\n\t\t\t\t<div class=\"elementor-widget-container\">\n\t\t\t\t\t\t\t<div class=\"e-n-carousel swiper\" role=\"region\" aria-roledescription=\"carousel\" aria-label=\"Carousel\" dir=\"ltr\">\n\t\t\t<div class=\"swiper-wrapper\" aria-live=\"off\">\n\t\t\t\t\t\t\t\t\t\t<div class=\"swiper-slide\" data-slide=\"1\" role=\"group\" aria-roledescription=\"slide\" aria-label=\"1 of 4\">\n\t\t\t\t\t\t\t<div class=\"elementor-element elementor-element-08cbd86 e-flex e-con-boxed e-con e-child\" data-id=\"08cbd86\" data-element_type=\"container\" data-e-type=\"container\">\n\t\t\t\t\t<div class=\"e-con-inner\">\n\t\t\t\t<div class=\"elementor-element elementor-element-e40b7e8 elementor-widget elementor-widget-image\" data-id=\"e40b7e8\" data-element_type=\"widget\" data-e-type=\"widget\" data-widget_type=\"image.default\">\n\t\t\t\t<div class=\"elementor-widget-container\">\n\t\t\t\t\t\t\t\t\t\t\t\t\t\t\t<img fetchpriority=\"high\" decoding=\"async\" width=\"800\" height=\"401\" src=\"https:\/\/gec-pmo.com\/wp-content\/uploads\/2024\/09\/LOGO-CICM-2020-1024x513.jpg\" class=\"attachment-large size-large wp-image-500\" alt=\"\" srcset=\"https:\/\/gec-pmo.com\/wp-content\/uploads\/2024\/09\/LOGO-CICM-2020-1024x513.jpg 1024w, https:\/\/gec-pmo.com\/wp-content\/uploads\/2024\/09\/LOGO-CICM-2020-300x150.jpg 300w, https:\/\/gec-pmo.com\/wp-content\/uploads\/2024\/09\/LOGO-CICM-2020-768x384.jpg 768w, https:\/\/gec-pmo.com\/wp-content\/uploads\/2024\/09\/LOGO-CICM-2020-1536x769.jpg 1536w, https:\/\/gec-pmo.com\/wp-content\/uploads\/2024\/09\/LOGO-CICM-2020-18x9.jpg 18w, https:\/\/gec-pmo.com\/wp-content\/uploads\/2024\/09\/LOGO-CICM-2020.jpg 1970w\" sizes=\"(max-width: 800px) 100vw, 800px\" \/>\t\t\t\t\t\t\t\t\t\t\t\t\t\t\t<\/div>\n\t\t\t\t<\/div>\n\t\t\t\t\t<\/div>\n\t\t\t\t<\/div>\n\t\t\t\t\t\t\t\t<\/div>\n\t\t\t\t\t\t\t\t\t\t\t<div class=\"swiper-slide\" data-slide=\"2\" role=\"group\" aria-roledescription=\"slide\" aria-label=\"2 of 4\">\n\t\t\t\t\t\t\t<div class=\"elementor-element elementor-element-8d8ec01 e-flex e-con-boxed e-con e-child\" data-id=\"8d8ec01\" data-element_type=\"container\" data-e-type=\"container\">\n\t\t\t\t\t<div class=\"e-con-inner\">\n\t\t\t\t<div class=\"elementor-element elementor-element-0eb8ee0 elementor-widget elementor-widget-image\" data-id=\"0eb8ee0\" data-element_type=\"widget\" data-e-type=\"widget\" data-widget_type=\"image.default\">\n\t\t\t\t<div class=\"elementor-widget-container\">\n\t\t\t\t\t\t\t\t\t\t\t\t\t\t\t<img decoding=\"async\" width=\"800\" height=\"362\" data-src=\"https:\/\/gec-pmo.com\/wp-content\/uploads\/2024\/09\/CMIC_LOGO-1024x463.png\" class=\"attachment-large size-large wp-image-501 lazyload\" alt=\"\" data-srcset=\"https:\/\/gec-pmo.com\/wp-content\/uploads\/2024\/09\/CMIC_LOGO-1024x463.png 1024w, https:\/\/gec-pmo.com\/wp-content\/uploads\/2024\/09\/CMIC_LOGO-300x136.png 300w, https:\/\/gec-pmo.com\/wp-content\/uploads\/2024\/09\/CMIC_LOGO-768x347.png 768w, https:\/\/gec-pmo.com\/wp-content\/uploads\/2024\/09\/CMIC_LOGO-1536x694.png 1536w, https:\/\/gec-pmo.com\/wp-content\/uploads\/2024\/09\/CMIC_LOGO-2048x926.png 2048w, https:\/\/gec-pmo.com\/wp-content\/uploads\/2024\/09\/CMIC_LOGO-18x8.png 18w\" data-sizes=\"(max-width: 800px) 100vw, 800px\" src=\"data:image\/svg+xml;base64,PHN2ZyB3aWR0aD0iMSIgaGVpZ2h0PSIxIiB4bWxucz0iaHR0cDovL3d3dy53My5vcmcvMjAwMC9zdmciPjwvc3ZnPg==\" style=\"--smush-placeholder-width: 800px; --smush-placeholder-aspect-ratio: 800\/362;\" \/>\t\t\t\t\t\t\t\t\t\t\t\t\t\t\t<\/div>\n\t\t\t\t<\/div>\n\t\t\t\t\t<\/div>\n\t\t\t\t<\/div>\n\t\t\t\t\t\t\t\t<\/div>\n\t\t\t\t\t\t\t\t\t\t\t<div class=\"swiper-slide\" data-slide=\"3\" role=\"group\" aria-roledescription=\"slide\" aria-label=\"3 of 4\">\n\t\t\t\t\t\t\t<div class=\"elementor-element elementor-element-9acd4c9 e-flex e-con-boxed e-con e-child\" data-id=\"9acd4c9\" data-element_type=\"container\" data-e-type=\"container\">\n\t\t\t\t\t<div class=\"e-con-inner\">\n\t\t\t\t<div class=\"elementor-element elementor-element-894e94b elementor-widget elementor-widget-image\" data-id=\"894e94b\" data-element_type=\"widget\" data-e-type=\"widget\" data-widget_type=\"image.default\">\n\t\t\t\t<div class=\"elementor-widget-container\">\n\t\t\t\t\t\t\t\t\t\t\t\t\t\t\t<img decoding=\"async\" width=\"800\" height=\"420\" data-src=\"https:\/\/gec-pmo.com\/wp-content\/uploads\/2024\/09\/IMG-20240925-WA0024-1024x538.jpg\" class=\"attachment-large size-large wp-image-588 lazyload\" alt=\"\" data-srcset=\"https:\/\/gec-pmo.com\/wp-content\/uploads\/2024\/09\/IMG-20240925-WA0024-1024x538.jpg 1024w, https:\/\/gec-pmo.com\/wp-content\/uploads\/2024\/09\/IMG-20240925-WA0024-300x158.jpg 300w, https:\/\/gec-pmo.com\/wp-content\/uploads\/2024\/09\/IMG-20240925-WA0024-768x403.jpg 768w, https:\/\/gec-pmo.com\/wp-content\/uploads\/2024\/09\/IMG-20240925-WA0024-18x9.jpg 18w, https:\/\/gec-pmo.com\/wp-content\/uploads\/2024\/09\/IMG-20240925-WA0024.jpg 1200w\" data-sizes=\"(max-width: 800px) 100vw, 800px\" src=\"data:image\/svg+xml;base64,PHN2ZyB3aWR0aD0iMSIgaGVpZ2h0PSIxIiB4bWxucz0iaHR0cDovL3d3dy53My5vcmcvMjAwMC9zdmciPjwvc3ZnPg==\" style=\"--smush-placeholder-width: 800px; --smush-placeholder-aspect-ratio: 800\/420;\" \/>\t\t\t\t\t\t\t\t\t\t\t\t\t\t\t<\/div>\n\t\t\t\t<\/div>\n\t\t\t\t\t<\/div>\n\t\t\t\t<\/div>\n\t\t\t\t\t\t\t\t<\/div>\n\t\t\t\t\t\t\t\t\t\t\t<div class=\"swiper-slide\" data-slide=\"4\" role=\"group\" aria-roledescription=\"slide\" aria-label=\"4 of 4\">\n\t\t\t\t\t\t\t<div class=\"elementor-element elementor-element-1f61524 e-flex e-con-boxed e-con e-child\" data-id=\"1f61524\" data-element_type=\"container\" data-e-type=\"container\">\n\t\t\t\t\t<div class=\"e-con-inner\">\n\t\t\t\t<div class=\"elementor-element elementor-element-f546ddf elementor-widget elementor-widget-image\" data-id=\"f546ddf\" data-element_type=\"widget\" data-e-type=\"widget\" data-widget_type=\"image.default\">\n\t\t\t\t<div class=\"elementor-widget-container\">\n\t\t\t\t\t\t\t\t\t\t\t\t\t\t\t<img decoding=\"async\" width=\"800\" height=\"323\" data-src=\"https:\/\/gec-pmo.com\/wp-content\/uploads\/2024\/09\/IMG-20240925-WA0014.jpg\" class=\"attachment-large size-large wp-image-589 lazyload\" alt=\"\" data-srcset=\"https:\/\/gec-pmo.com\/wp-content\/uploads\/2024\/09\/IMG-20240925-WA0014.jpg 818w, https:\/\/gec-pmo.com\/wp-content\/uploads\/2024\/09\/IMG-20240925-WA0014-300x121.jpg 300w, https:\/\/gec-pmo.com\/wp-content\/uploads\/2024\/09\/IMG-20240925-WA0014-768x310.jpg 768w, https:\/\/gec-pmo.com\/wp-content\/uploads\/2024\/09\/IMG-20240925-WA0014-18x7.jpg 18w\" data-sizes=\"(max-width: 800px) 100vw, 800px\" src=\"data:image\/svg+xml;base64,PHN2ZyB3aWR0aD0iMSIgaGVpZ2h0PSIxIiB4bWxucz0iaHR0cDovL3d3dy53My5vcmcvMjAwMC9zdmciPjwvc3ZnPg==\" style=\"--smush-placeholder-width: 800px; --smush-placeholder-aspect-ratio: 800\/323;\" \/>\t\t\t\t\t\t\t\t\t\t\t\t\t\t\t<\/div>\n\t\t\t\t<\/div>\n\t\t\t\t\t<\/div>\n\t\t\t\t<\/div>\n\t\t\t\t\t\t\t\t<\/div>\n\t\t\t\t\t\t\t\t<\/div>\n\t\t<\/div>\n\t\t\t\t\t<div class=\"elementor-swiper-button elementor-swiper-button-prev\" role=\"button\" tabindex=\"0\" aria-label=\"Previous\">\n\t\t\t\t<svg aria-hidden=\"true\" class=\"e-font-icon-svg e-eicon-chevron-left\" viewBox=\"0 0 1000 1000\" xmlns=\"http:\/\/www.w3.org\/2000\/svg\"><path d=\"M646 125C629 125 613 133 604 142L308 442C296 454 292 471 292 487 292 504 296 521 308 533L604 854C617 867 629 875 646 875 663 875 679 871 692 858 704 846 713 829 713 812 713 796 708 779 692 767L438 487 692 225C700 217 708 204 708 187 708 171 704 154 692 142 675 129 663 125 646 125Z\"><\/path><\/svg>\t\t\t<\/div>\n\t\t\t<div class=\"elementor-swiper-button elementor-swiper-button-next\" role=\"button\" tabindex=\"0\" aria-label=\"Next\">\n\t\t\t\t<svg aria-hidden=\"true\" class=\"e-font-icon-svg e-eicon-chevron-right\" viewBox=\"0 0 1000 1000\" xmlns=\"http:\/\/www.w3.org\/2000\/svg\"><path d=\"M696 533C708 521 713 504 713 487 713 471 708 454 696 446L400 146C388 133 375 125 354 125 338 125 325 129 313 142 300 154 292 171 292 187 292 204 296 221 308 233L563 492 304 771C292 783 288 800 288 817 288 833 296 850 308 863 321 871 338 875 354 875 371 875 388 867 400 854L696 533Z\"><\/path><\/svg>\t\t\t<\/div>\n\t\t\t\t\t<div class=\"swiper-pagination\"><\/div>\n\t\t\t\t\t\t<\/div>\n\t\t\t\t<\/div>\n\t\t\t\t<div class=\"elementor-element elementor-element-6515c6b elementor-align-center elementor-widget elementor-widget-button\" data-id=\"6515c6b\" data-element_type=\"widget\" data-e-type=\"widget\" data-widget_type=\"button.default\">\n\t\t\t\t<div class=\"elementor-widget-container\">\n\t\t\t\t\t\t\t\t\t<div class=\"elementor-button-wrapper\">\n\t\t\t\t\t<a class=\"elementor-button elementor-button-link elementor-size-sm\" href=\"https:\/\/gec-pmo.com\/politica-de-privacidad\/\">\n\t\t\t\t\t\t<span class=\"elementor-button-content-wrapper\">\n\t\t\t\t\t\t<span class=\"elementor-button-icon\">\n\t\t\t\t<svg aria-hidden=\"true\" class=\"e-font-icon-svg e-fas-info-circle\" viewBox=\"0 0 512 512\" xmlns=\"http:\/\/www.w3.org\/2000\/svg\"><path d=\"M256 8C119.043 8 8 119.083 8 256c0 136.997 111.043 248 248 248s248-111.003 248-248C504 119.083 392.957 8 256 8zm0 110c23.196 0 42 18.804 42 42s-18.804 42-42 42-42-18.804-42-42 18.804-42 42-42zm56 254c0 6.627-5.373 12-12 12h-88c-6.627 0-12-5.373-12-12v-24c0-6.627 5.373-12 12-12h12v-64h-12c-6.627 0-12-5.373-12-12v-24c0-6.627 5.373-12 12-12h64c6.627 0 12 5.373 12 12v100h12c6.627 0 12 5.373 12 12v24z\"><\/path><\/svg>\t\t\t<\/span>\n\t\t\t\t\t\t\t\t\t<span class=\"elementor-button-text\">POL\u00cdTICAS DE PRIVACIDAD<\/span>\n\t\t\t\t\t<\/span>\n\t\t\t\t\t<\/a>\n\t\t\t\t<\/div>\n\t\t\t\t\t\t\t\t<\/div>\n\t\t\t\t<\/div>\n\t\t\t\t\t<\/div>\n\t\t\t\t<\/div>\n\t\t\t\t<\/div>\n\t\t","protected":false},"excerpt":{"rendered":"<p>NOSOTROS GRUPO EJECUTIVO CONFIANZA Empresa 100% mexicana, fundada en 2014 por Ingenieros y Arquitectos con m\u00e1s de 40 a\u00f1os de experiencia en la industria nacional e internacional de proyectos de construcci\u00f3n civil y electromec\u00e1nica. Integrado por Profesionales con la m\u00e1s amplia experiencia, siempre enfocados en la mejora continua, garantizando tiempo y calidad en los proyectos, [&hellip;]<\/p>\n","protected":false},"author":4,"featured_media":0,"parent":0,"menu_order":0,"comment_status":"closed","ping_status":"closed","template":"","meta":{"footnotes":""},"class_list":["post-63","page","type-page","status-publish","hentry"],"_links":{"self":[{"href":"https:\/\/gec-pmo.com\/en\/wp-json\/wp\/v2\/pages\/63","targetHints":{"allow":["GET"]}}],"collection":[{"href":"https:\/\/gec-pmo.com\/en\/wp-json\/wp\/v2\/pages"}],"about":[{"href":"https:\/\/gec-pmo.com\/en\/wp-json\/wp\/v2\/types\/page"}],"author":[{"embeddable":true,"href":"https:\/\/gec-pmo.com\/en\/wp-json\/wp\/v2\/users\/4"}],"replies":[{"embeddable":true,"href":"https:\/\/gec-pmo.com\/en\/wp-json\/wp\/v2\/comments?post=63"}],"version-history":[{"count":0,"href":"https:\/\/gec-pmo.com\/en\/wp-json\/wp\/v2\/pages\/63\/revisions"}],"wp:attachment":[{"href":"https:\/\/gec-pmo.com\/en\/wp-json\/wp\/v2\/media?parent=63"}],"curies":[{"name":"wp","href":"https:\/\/api.w.org\/{rel}","templated":true}]}}